{"id":392,"date":"2023-03-03T20:07:24","date_gmt":"2023-03-03T20:07:24","guid":{"rendered":"https:\/\/arouplac.pt\/wordpress\/?page_id=392"},"modified":"2023-04-01T02:10:03","modified_gmt":"2023-04-01T02:10:03","slug":"home-4","status":"publish","type":"page","link":"https:\/\/arouplac.pt\/wordpress\/home-4\/","title":{"rendered":"HOME"},"content":{"rendered":"\n\n\n\n\n\n<h3 style=\"color: rgb(155, 0, 0);\"><span style=\"font-weight: 400;\">Sobre n\u00f3s<\/span><\/h3>\n<p class=\"MsoNormal\">Somos<b> <\/b>uma empresa dedicada \u00e0 execu\u00e7\u00e3o\nde trabalhos de gesso cartonado, com a execu\u00e7\u00e3o de forras, divis\u00f3rias,\nisolamentos, tetos falsos (cont\u00ednuos e amov\u00edveis), pinturas e remodela\u00e7\u00f5es\ninteriores.<o:p><\/o:p><\/span><\/p>\n\n\n\n<h3 style=\"color: rgb(155, 0, 0);\"><span style=\"font-weight: 400;\">Servi\u00e7os<\/span><\/h3>\n<p class=\"MsoNormal\">Somos uma empresa especializada na execu\u00e7\u00e3o de tetos falsos,\nforras, divis\u00f3rias, isolamentos, reabilita\u00e7\u00f5es interiores e pinturas.<\/p>\n\n\n\n\n\n\n\n\n\n\n\n\n\n\n\n\n\n\n\n\n\n\n<h2>Servi\u00e7os<\/h2>\n\n\n\n<p>Eu turpis egestas pretium aenean pharetra magna ac placerat vestibulum lorem ipsum doler sit a met. Turpis in eu mi bibendum neque egestas congue quisque. Eu non diam phasellus vestibulum lorem.Excepteur sint occaecat cupidatat non proident, suntin culpa qui officia deserunt mollit animid est laborum.Phasellus imperdiet lacinia nulla, malesuada semper nibh sodales quis, Duis viverra ipsum dictum. <\/p>\n\n\n\n\n<p>The point of using Lorem Ipsum is that it has a more-or-less normal distribution of letters, as opposed to using &#8216;Content here, content here&#8217;, making it look like readable English.<\/p>\n\n\n\n\n<p>The point of using Lorem Ipsum is that it has a more-or-less normal distribution of letters, as opposed to using &#8216;Content here, content here&#8217;, making it look like readable English.<\/p>\n\n\n\n\n<p>The point of using Lorem Ipsum is that it has a more-or-less normal distribution of letters, as opposed to using &#8216;Content here, content here&#8217;, making it look like readable English.<\/p>\n\n\n\n\n\n\n\n\n\n\n\n\n\n\n\n\n\n\n","protected":false},"excerpt":{"rendered":"","protected":false},"author":1,"featured_media":0,"parent":0,"menu_order":0,"comment_status":"closed","ping_status":"closed","template":"","meta":{"footnotes":""},"class_list":["post-392","page","type-page","status-publish","hentry"],"_links":{"self":[{"href":"https:\/\/arouplac.pt\/wordpress\/wp-json\/wp\/v2\/pages\/392","targetHints":{"allow":["GET"]}}],"collection":[{"href":"https:\/\/arouplac.pt\/wordpress\/wp-json\/wp\/v2\/pages"}],"about":[{"href":"https:\/\/arouplac.pt\/wordpress\/wp-json\/wp\/v2\/types\/page"}],"author":[{"embeddable":true,"href":"https:\/\/arouplac.pt\/wordpress\/wp-json\/wp\/v2\/users\/1"}],"replies":[{"embeddable":true,"href":"https:\/\/arouplac.pt\/wordpress\/wp-json\/wp\/v2\/comments?post=392"}],"version-history":[{"count":29,"href":"https:\/\/arouplac.pt\/wordpress\/wp-json\/wp\/v2\/pages\/392\/revisions"}],"predecessor-version":[{"id":494,"href":"https:\/\/arouplac.pt\/wordpress\/wp-json\/wp\/v2\/pages\/392\/revisions\/494"}],"wp:attachment":[{"href":"https:\/\/arouplac.pt\/wordpress\/wp-json\/wp\/v2\/media?parent=392"}],"curies":[{"name":"wp","href":"https:\/\/api.w.org\/{rel}","templated":true}]}}